{"id":3,"date":"2021-04-03T13:00:37","date_gmt":"2021-04-03T16:00:37","guid":{"rendered":"http:\/\/tabelionatomourapalha.com.br\/?page_id=3"},"modified":"2023-10-23T12:43:38","modified_gmt":"2023-10-23T15:43:38","slug":"politica-de-privacidade","status":"publish","type":"page","link":"https:\/\/tabelionatomourapalha.com.br\/?page_id=3","title":{"rendered":"Pol\u00edtica de privacidade"},"content":{"rendered":"\n<p>Pol\u00edticas de Privacidade<\/p>\n\n\n\n<p>O Tabelionato de Protesto Moura Palha tem o compromisso de respeitar a privacidade e garantir a prote\u00e7\u00e3o dos dados pessoais dos clientes e visitantes de nossos ambientes virtual e f\u00edsico. Caso haja qualquer d\u00favida sobre a prote\u00e7\u00e3o e tratamento de seus dados, favor entrar em contato pelo e-mail: contato.mourapalha@gmail.com.<\/p>\n\n\n\n<ol class=\"wp-block-list\" start=\"1\">\n<li>O que s\u00e3o dados pessoais?<\/li>\n<\/ol>\n\n\n\n<p>Informa\u00e7\u00f5es que o identificam ou o tornam identific\u00e1vel s\u00e3o consideradas dados pessoais. Voc\u00ea \u00e9 o \u00fanico respons\u00e1vel pela precis\u00e3o e atualiza\u00e7\u00e3o de seus dados pessoais fornecidos ao nosso Tabelionato.<\/p>\n\n\n\n<ol class=\"wp-block-list\" start=\"2\">\n<li>Como e para que utilizamos seus dados pessoais?<\/li>\n<\/ol>\n\n\n\n<p>a. CUMPRIR OBRIGA\u00c7\u00c3O LEGAL OU DE ORDEM JUR\u00cdDICA: Em determinados casos, poderemos compartilhar suas informa\u00e7\u00f5es com o Poder Judici\u00e1rio ou autoridades competentes.<\/p>\n\n\n\n<p>b. COMUNICA\u00c7\u00d5ES DO TABELIONATO: Utilizamos seus dados para enviar comunicados, avisos sobre protestos e outras informa\u00e7\u00f5es pertinentes ao nosso servi\u00e7o.<\/p>\n\n\n\n<p>c. RESPONDER D\u00daVIDAS OU SOLICITA\u00c7\u00d5ES: Seus dados s\u00e3o fundamentais para processar suas solicita\u00e7\u00f5es e prestar o suporte necess\u00e1rio.<\/p>\n\n\n\n<p>d. PERMITIR O ACESSO A NOSSOS SERVI\u00c7OS ONLINE: Coletamos dados para permitir o acesso a servi\u00e7os como consulta de protestos online.<\/p>\n\n\n\n<p>e. AN\u00c1LISE DE ACESSO AO WEBSITE: Utilizamos cookies e outras tecnologias para entender a utiliza\u00e7\u00e3o de nossas plataformas online.<\/p>\n\n\n\n<ol class=\"wp-block-list\" start=\"3\">\n<li>Quais dados pessoais s\u00e3o coletados?<\/li>\n<\/ol>\n\n\n\n<p>a. DADOS PESSOAIS DE CADASTRO: Como nome, endere\u00e7o de e-mail, telefone, data de nascimento, e dados de documentos oficiais.<\/p>\n\n\n\n<p>b. DADOS RELATIVOS A PROTESTOS: Dependendo do caso, coletamos informa\u00e7\u00f5es financeiras, d\u00edvidas, t\u00edtulos e outros documentos pertinentes ao protesto.<\/p>\n\n\n\n<p>c. INFORMA\u00c7\u00d5ES SOBRE DISPOSITIVOS: Como IP e hor\u00e1rio de acesso ao website.<\/p>\n\n\n\n<ol class=\"wp-block-list\" start=\"4\">\n<li>Por que utilizamos cookies?<\/li>\n<\/ol>\n\n\n\n<p>Cookies s\u00e3o essenciais para melhorar sua experi\u00eancia em nosso site. Voc\u00ea pode configurar seu navegador para gerenciar o uso de cookies conforme sua prefer\u00eancia.<\/p>\n\n\n\n<ol class=\"wp-block-list\" start=\"5\">\n<li>Por quanto tempo retemos seus dados pessoais?<\/li>\n<\/ol>\n\n\n\n<p>Seus dados s\u00e3o mantidos pelo tempo necess\u00e1rio para nossos servi\u00e7os, e em conformidade com obriga\u00e7\u00f5es legais e regulat\u00f3rias.<\/p>\n\n\n\n<ol class=\"wp-block-list\" start=\"6\">\n<li>Com quem compartilhamos seus dados pessoais?<\/li>\n<\/ol>\n\n\n\n<p>Poderemos compartilhar seus dados com autoridades competentes e parceiros de neg\u00f3cios, como plataformas de gest\u00e3o de protestos.<\/p>\n\n\n\n<ol class=\"wp-block-list\" start=\"7\">\n<li>Como protegemos seus dados pessoais?<\/li>\n<\/ol>\n\n\n\n<p>Tomamos medidas rigorosas de seguran\u00e7a para proteger seus dados. Se perceber qualquer irregularidade, contate-nos imediatamente no contato.mourapalha@gmail.com.<\/p>\n\n\n\n<ol class=\"wp-block-list\" start=\"8\">\n<li>Quais os seus direitos com rela\u00e7\u00e3o aos seus dados pessoais?<\/li>\n<\/ol>\n\n\n\n<p>A LGPD garante uma s\u00e9rie de direitos relacionados aos seus dados. Se desejar exerc\u00ea-los, entre em contato conosco.<\/p>\n\n\n\n<ol class=\"wp-block-list\" start=\"9\">\n<li>Acesso aos seus dados pessoais<\/li>\n<\/ol>\n\n\n\n<p>Caso deseje acessar seus dados pessoais armazenados por n\u00f3s, solicitamos que preencha o formul\u00e1rio dispon\u00edvel no link: https:\/\/forms.gle\/HZc56M5MJW7ZUVoc7<\/p>\n\n\n\n<ol class=\"wp-block-list\" start=\"10\">\n<li>Websites de Terceiros<\/li>\n<\/ol>\n\n\n\n<p>Nosso Tabelionato n\u00e3o se responsabiliza por websites de terceiros, mesmo que possuam links em nosso site.<\/p>\n\n\n\n<ol class=\"wp-block-list\" start=\"11\">\n<li>Altera\u00e7\u00f5es nesta Pol\u00edtica<\/li>\n<\/ol>\n\n\n\n<p>O Tabelionato de Protesto Moura Palha poder\u00e1 atualizar esta Pol\u00edtica de Privacidade periodicamente.<\/p>\n\n\n\n<p>Atualizada pela \u00faltima vez em 23 de outubro&nbsp;de&nbsp;2023.<\/p>\n","protected":false},"excerpt":{"rendered":"<p>Pol\u00edticas de Privacidade O Tabelionato de Protesto Moura Palha tem o compromisso de respeitar a privacidade e garantir a prote\u00e7\u00e3o dos dados pessoais dos clientes e visitantes de nossos ambientes virtual e f\u00edsico. Caso haja qualquer d\u00favida sobre a prote\u00e7\u00e3o e tratamento de seus dados, favor entrar em contato pelo e-mail: contato.mourapalha@gmail.com. Informa\u00e7\u00f5es que o [&hellip;]<\/p>\n","protected":false},"author":3,"featured_media":0,"parent":0,"menu_order":0,"comment_status":"closed","ping_status":"open","template":"","meta":{"om_disable_all_campaigns":false,"_monsterinsights_skip_tracking":false,"_monsterinsights_sitenote_active":false,"_monsterinsights_sitenote_note":"","_monsterinsights_sitenote_category":0,"footnotes":""},"class_list":["post-3","page","type-page","status-publish","hentry"],"_links":{"self":[{"href":"https:\/\/tabelionatomourapalha.com.br\/index.php?rest_route=\/wp\/v2\/pages\/3","targetHints":{"allow":["GET"]}}],"collection":[{"href":"https:\/\/tabelionatomourapalha.com.br\/index.php?rest_route=\/wp\/v2\/pages"}],"about":[{"href":"https:\/\/tabelionatomourapalha.com.br\/index.php?rest_route=\/wp\/v2\/types\/page"}],"author":[{"embeddable":true,"href":"https:\/\/tabelionatomourapalha.com.br\/index.php?rest_route=\/wp\/v2\/users\/3"}],"replies":[{"embeddable":true,"href":"https:\/\/tabelionatomourapalha.com.br\/index.php?rest_route=%2Fwp%2Fv2%2Fcomments&post=3"}],"version-history":[{"count":4,"href":"https:\/\/tabelionatomourapalha.com.br\/index.php?rest_route=\/wp\/v2\/pages\/3\/revisions"}],"predecessor-version":[{"id":1148,"href":"https:\/\/tabelionatomourapalha.com.br\/index.php?rest_route=\/wp\/v2\/pages\/3\/revisions\/1148"}],"wp:attachment":[{"href":"https:\/\/tabelionatomourapalha.com.br\/index.php?rest_route=%2Fwp%2Fv2%2Fmedia&parent=3"}],"curies":[{"name":"wp","href":"https:\/\/api.w.org\/{rel}","templated":true}]}}